{"id":893,"date":"2025-12-05T19:21:12","date_gmt":"2025-12-05T19:21:12","guid":{"rendered":"https:\/\/fs-grenzenlos.com\/imprint\/"},"modified":"2025-12-16T05:30:06","modified_gmt":"2025-12-16T05:30:06","slug":"impressum","status":"publish","type":"page","link":"https:\/\/fs-grenzenlos.com\/de\/richtlinien\/impressum\/","title":{"rendered":"Impressum"},"content":{"rendered":"\r\n<h4>\u00a0<\/h4>\r\n<h4><strong><strong>Angaben gem\u00e4\u00df \u00a7 5 DDG:<\/strong><\/strong><\/h4>\r\n\r\n\r\n\r\n<p><em><strong>Flugschule<\/strong> <strong>Grenzenlos by Airnomads<\/strong><\/em><\/p>\r\n\r\n\r\n\r\n<p>Christina Siegl<\/p>\r\n\r\n\r\n\r\n<p>Walter-Bauer-Str.6<\/p>\r\n\r\n\r\n\r\n<p>D-36043 Fulda<\/p>\r\n\r\n\r\n\r\n<p>+49 (0) 172 6513323<\/p>\r\n\r\n\r\n\r\n<p><a href=\"mailto:info@fs-grenzenlos.com\">info@fs-grenzenlos.com<\/a><\/p>\r\n\r\n\r\n\r\n<p><a href=\"mailto:tini@fs-grenzenlos.com\">tini@fs-grenzenlos.com<\/a><\/p>\r\n\r\n\r\n\r\n<p>UID: DE294334593<\/p>\r\n\r\n\r\n\r\n<p>St.-Nr.: 018 832 01018<\/p>\r\n\r\n\r\n\r\n<p>Finanzamt Fulda<\/p>\r\n\r\n\r\n\r\n<p>IBAN: DE70 5305 0180 0000 0588 94<\/p>\r\n\r\n\r\n\r\n<p>BIC: HELADEF1FDS<\/p>\r\n\r\n\r\n\r\n<p><strong>Sicherheitstraining<\/strong><strong> Airnomads<\/strong><\/p>\r\n\r\n\r\n\r\n<p>Luis Fernando Jimenez Mejia<\/p>\r\n\r\n\r\n\r\n<p>Walter-Bauer-Str.6<\/p>\r\n\r\n\r\n\r\n<p>D-36043 Fulda<\/p>\r\n\r\n\r\n\r\n<p><a href=\"mailto:info@fs-grenzenlos.com\">info@fs-grenzenlos.com<\/a><\/p>\r\n\r\n\r\n\r\n<p><a href=\"mailto:lucho@fs-grenzenlos.com\">lucho@fs-grenzenlos.com<\/a>\u00a0<\/p>\r\n\r\n\r\n\r\n<p>UID: DE325742811<\/p>\r\n\r\n\r\n\r\n<p>St.-Nr.: 018 832 00986<\/p>\r\n\r\n\r\n\r\n<p>Finanzamt Fulda<\/p>\r\n\r\n\r\n\r\n<p>IBAN: DE29 5305 0180 0000 0591 47<\/p>\r\n\r\n\r\n\r\n<p>BIC: HELADEF1FDS<\/p>\r\n\r\n\r\n\r\n<p>Aufsichtsbeh\u00f6rde:\u2028Deutscher H\u00e4ngegleiterverband e.V.<\/p>\r\n\r\n\r\n\r\n<p>Verantwortlich f\u00fcr den Inhalt nach\u00a0\u00a7 18 MStV: Luis Fernando Jimenez Mejia, Christina Siegl, Walter-Bauer-Str.6, 36043 Fulda<\/p>\r\n\r\n\r\n\r\n<h4><strong>HAFTUNGSAUSSCHLUSS<\/strong><\/h4>\r\n\r\n\r\n\r\n<p>Wir \u00fcbernehmen keine Gew\u00e4hr f\u00fcr die Aktualit\u00e4t, Richtigkeit, Vollst\u00e4ndigkeit oder Qualit\u00e4t der bereitgestellten Informationen. Haftungsanspr\u00fcche gegen uns, die sich auf Sch\u00e4den materieller oder immaterieller Art beziehen, welche durch den Zugriff oder die Nutzung bzw. Nichtnutzung der ver\u00f6ffentlichten Informationen, durch Missbrauch der Verbindung oder durch technische St\u00f6rungen verursacht wurden, sind grunds\u00e4tzlich ausgeschlossen. Gleiches gilt f\u00fcr Sch\u00e4den, die durch fehlerhafte oder unvollst\u00e4ndige Informationen entstehen.\u00a0<\/p>\r\n\r\n\r\n\r\n<p>Alle Angebote sind unverbindlich und jederzeit durch den Autor ohne gesonderte Ank\u00fcndigung \u00e4nderbar.\u00a0<\/p>\r\n\r\n\r\n\r\n<h4><strong>HAFTUNG F\u00dcR LINKS DRITTER<\/strong><\/h4>\r\n\r\n\r\n\r\n<p>Unsere Website enth\u00e4lt Verkn\u00fcpfungen (Links) zu externen Websites Dritter, auf deren Inhalte wir keinen Einfluss haben. Deshalb k\u00f6nnen wir f\u00fcr diese fremden Inhalte auch keine Gew\u00e4hr \u00fcbernehmen. F\u00fcr die Inhalte der verlinkten Seiten ist stets der jeweilige Anbieter oder Betreiber der Seiten verantwortlich.<\/p>\r\n\r\n\r\n\r\n<p>Zum Zeitpunkt der Verlinkung wurden die externen Seiten auf m\u00f6gliche Rechtsverst\u00f6\u00dfe \u00fcberpr\u00fcft. Rechtswidrige Inhalte waren zum Zeitpunkt der Verlinkung nicht erkennbar. Eine permanente inhaltliche Kontrolle der verlinkten Seiten ist jedoch ohne konkrete Anhaltspunkte einer Rechtsverletzung nicht zumutbar. Bei Bekanntwerden von Rechtsverletzungen werden derartige Links umgehend entfernt.<\/p>\r\n\r\n\r\n\r\n<h4><strong>URHEBERRECHTE<\/strong><\/h4>\r\n\r\n\r\n\r\n<p>Die durch die Seitenbetreiber erstellten Inhalte und Werke auf diesen Seiten unterliegen dem deutschen Urheberrecht. Die Vervielf\u00e4ltigung, Bearbeitung, Verbreitung und jede Art der Verwertung au\u00dferhalb der Grenzen des Urheberrechtes bed\u00fcrfen der schriftlichen Zustimmung des jeweiligen Autors bzw. Erstellers. Downloads und Kopien dieser Seite sind nur f\u00fcr den privaten, nicht kommerziellen Gebrauch gestattet. Soweit die Inhalte auf dieser Seite nicht vom Betreiber erstellt wurden, werden die Urheberrechte Dritter beachtet. Insbesondere werden Inhalte Dritter als solche gekennzeichnet. Sollten Sie trotzdem auf eine Urheberrechtsverletzung aufmerksam werden, bitten wir um einen entsprechenden Hinweis. Bei Bekanntwerden von Rechtsverletzungen werden wir derartige Inhalte umgehend entfernen.<\/p>\r\n\r\n\r\n\r\n<h4><strong>DATENSCHUTZ<\/strong><\/h4>\r\n\r\n\r\n\r\n<p>Bitte beachten Sie, dass die aktuelle Rechtsprechung fordert, dass die nachfolgende Datenschutzerkl\u00e4rung auf einer separaten, eigens daf\u00fcr angelegten Unterseite der Webseite erreichbar sein muss.<\/p>\r\n\r\n\r\n\r\n<p><a href=\"https:\/\/fs-grenzenlos.com\/de\/richtlinien\/datenschutzrichtlinie\/\">Datenschutzerkl\u00e4rung<\/a><\/p>\r\n","protected":false},"excerpt":{"rendered":"<p>\u00a0 Angaben gem\u00e4\u00df \u00a7 5 DDG: Flugschule Grenzenlos by Airnomads Christina Siegl Walter-Bauer-Str.6 D-36043 Fulda +49 (0) 172 6513323 info@fs-grenzenlos.com tini@fs-grenzenlos.com UID: DE294334593 St.-Nr.: 018 832 01018 Finanzamt Fulda IBAN:&#8230;<\/p>\n","protected":false},"author":1,"featured_media":0,"parent":898,"menu_order":0,"comment_status":"closed","ping_status":"closed","template":"","meta":{"footnotes":""},"class_list":["post-893","page","type-page","status-publish"],"yoast_head":"<!-- This site is optimized with the Yoast SEO plugin v27.3 - https:\/\/yoast.com\/product\/yoast-seo-wordpress\/ -->\n<title>Impressum - Flugschule Grenzenlos<\/title>\n<meta name=\"robots\" content=\"index, follow, max-snippet:-1, max-image-preview:large, max-video-preview:-1\" \/>\n<link rel=\"canonical\" href=\"https:\/\/fs-grenzenlos.com\/de\/richtlinien\/impressum\/\" \/>\n<meta property=\"og:locale\" content=\"de_DE\" \/>\n<meta property=\"og:type\" content=\"article\" \/>\n<meta property=\"og:title\" content=\"Impressum - Flugschule Grenzenlos\" \/>\n<meta property=\"og:description\" content=\"\u00a0 Angaben gem\u00e4\u00df \u00a7 5 DDG: Flugschule Grenzenlos by Airnomads Christina Siegl Walter-Bauer-Str.6 D-36043 Fulda +49 (0) 172 6513323 info@fs-grenzenlos.com tini@fs-grenzenlos.com UID: DE294334593 St.-Nr.: 018 832 01018 Finanzamt Fulda IBAN:...\" \/>\n<meta property=\"og:url\" content=\"https:\/\/fs-grenzenlos.com\/de\/richtlinien\/impressum\/\" \/>\n<meta property=\"og:site_name\" content=\"Flugschule Grenzenlos\" \/>\n<meta property=\"article:publisher\" content=\"https:\/\/www.facebook.com\/ParaglidingAirnomads\" \/>\n<meta property=\"article:modified_time\" content=\"2025-12-16T05:30:06+00:00\" \/>\n<meta name=\"twitter:card\" content=\"summary_large_image\" \/>\n<meta name=\"twitter:site\" content=\"@airnomadsparagliding\" \/>\n<meta name=\"twitter:label1\" content=\"Gesch\u00e4tzte Lesezeit\" \/>\n\t<meta name=\"twitter:data1\" content=\"2\u00a0Minuten\" \/>\n<script type=\"application\/ld+json\" class=\"yoast-schema-graph\">{\"@context\":\"https:\\\/\\\/schema.org\",\"@graph\":[{\"@type\":\"WebPage\",\"@id\":\"https:\\\/\\\/fs-grenzenlos.com\\\/de\\\/richtlinien\\\/impressum\\\/\",\"url\":\"https:\\\/\\\/fs-grenzenlos.com\\\/de\\\/richtlinien\\\/impressum\\\/\",\"name\":\"Impressum - Flugschule Grenzenlos\",\"isPartOf\":{\"@id\":\"https:\\\/\\\/fs-grenzenlos.com\\\/de\\\/#website\"},\"datePublished\":\"2025-12-05T19:21:12+00:00\",\"dateModified\":\"2025-12-16T05:30:06+00:00\",\"breadcrumb\":{\"@id\":\"https:\\\/\\\/fs-grenzenlos.com\\\/de\\\/richtlinien\\\/impressum\\\/#breadcrumb\"},\"inLanguage\":\"de\",\"potentialAction\":[{\"@type\":\"ReadAction\",\"target\":[\"https:\\\/\\\/fs-grenzenlos.com\\\/de\\\/richtlinien\\\/impressum\\\/\"]}]},{\"@type\":\"BreadcrumbList\",\"@id\":\"https:\\\/\\\/fs-grenzenlos.com\\\/de\\\/richtlinien\\\/impressum\\\/#breadcrumb\",\"itemListElement\":[{\"@type\":\"ListItem\",\"position\":1,\"name\":\"Home\",\"item\":\"https:\\\/\\\/fs-grenzenlos.com\\\/de\\\/\"},{\"@type\":\"ListItem\",\"position\":2,\"name\":\"Richtlinien\",\"item\":\"https:\\\/\\\/fs-grenzenlos.com\\\/de\\\/richtlinien\\\/\"},{\"@type\":\"ListItem\",\"position\":3,\"name\":\"Impressum\"}]},{\"@type\":\"WebSite\",\"@id\":\"https:\\\/\\\/fs-grenzenlos.com\\\/de\\\/#website\",\"url\":\"https:\\\/\\\/fs-grenzenlos.com\\\/de\\\/\",\"name\":\"Flugschule Grenzenlos\",\"description\":\"Flugschule\",\"publisher\":{\"@id\":\"https:\\\/\\\/fs-grenzenlos.com\\\/de\\\/#organization\"},\"potentialAction\":[{\"@type\":\"SearchAction\",\"target\":{\"@type\":\"EntryPoint\",\"urlTemplate\":\"https:\\\/\\\/fs-grenzenlos.com\\\/de\\\/?s={search_term_string}\"},\"query-input\":{\"@type\":\"PropertyValueSpecification\",\"valueRequired\":true,\"valueName\":\"search_term_string\"}}],\"inLanguage\":\"de\"},{\"@type\":\"Organization\",\"@id\":\"https:\\\/\\\/fs-grenzenlos.com\\\/de\\\/#organization\",\"name\":\"Flugschule Grenzenlos\",\"url\":\"https:\\\/\\\/fs-grenzenlos.com\\\/de\\\/\",\"logo\":{\"@type\":\"ImageObject\",\"inLanguage\":\"de\",\"@id\":\"https:\\\/\\\/fs-grenzenlos.com\\\/de\\\/#\\\/schema\\\/logo\\\/image\\\/\",\"url\":\"https:\\\/\\\/flugschule-grenzenlos.com\\\/wp-content\\\/uploads\\\/2025\\\/06\\\/Logo-color.png\",\"contentUrl\":\"https:\\\/\\\/flugschule-grenzenlos.com\\\/wp-content\\\/uploads\\\/2025\\\/06\\\/Logo-color.png\",\"width\":188,\"height\":120,\"caption\":\"Flugschule Grenzenlos\"},\"image\":{\"@id\":\"https:\\\/\\\/fs-grenzenlos.com\\\/de\\\/#\\\/schema\\\/logo\\\/image\\\/\"},\"sameAs\":[\"https:\\\/\\\/www.facebook.com\\\/ParaglidingAirnomads\",\"https:\\\/\\\/x.com\\\/airnomadsparagliding\"]}]}<\/script>\n<!-- \/ Yoast SEO plugin. -->","yoast_head_json":{"title":"Impressum - Flugschule Grenzenlos","robots":{"index":"index","follow":"follow","max-snippet":"max-snippet:-1","max-image-preview":"max-image-preview:large","max-video-preview":"max-video-preview:-1"},"canonical":"https:\/\/fs-grenzenlos.com\/de\/richtlinien\/impressum\/","og_locale":"de_DE","og_type":"article","og_title":"Impressum - Flugschule Grenzenlos","og_description":"\u00a0 Angaben gem\u00e4\u00df \u00a7 5 DDG: Flugschule Grenzenlos by Airnomads Christina Siegl Walter-Bauer-Str.6 D-36043 Fulda +49 (0) 172 6513323 info@fs-grenzenlos.com tini@fs-grenzenlos.com UID: DE294334593 St.-Nr.: 018 832 01018 Finanzamt Fulda IBAN:...","og_url":"https:\/\/fs-grenzenlos.com\/de\/richtlinien\/impressum\/","og_site_name":"Flugschule Grenzenlos","article_publisher":"https:\/\/www.facebook.com\/ParaglidingAirnomads","article_modified_time":"2025-12-16T05:30:06+00:00","twitter_card":"summary_large_image","twitter_site":"@airnomadsparagliding","twitter_misc":{"Gesch\u00e4tzte Lesezeit":"2\u00a0Minuten"},"schema":{"@context":"https:\/\/schema.org","@graph":[{"@type":"WebPage","@id":"https:\/\/fs-grenzenlos.com\/de\/richtlinien\/impressum\/","url":"https:\/\/fs-grenzenlos.com\/de\/richtlinien\/impressum\/","name":"Impressum - Flugschule Grenzenlos","isPartOf":{"@id":"https:\/\/fs-grenzenlos.com\/de\/#website"},"datePublished":"2025-12-05T19:21:12+00:00","dateModified":"2025-12-16T05:30:06+00:00","breadcrumb":{"@id":"https:\/\/fs-grenzenlos.com\/de\/richtlinien\/impressum\/#breadcrumb"},"inLanguage":"de","potentialAction":[{"@type":"ReadAction","target":["https:\/\/fs-grenzenlos.com\/de\/richtlinien\/impressum\/"]}]},{"@type":"BreadcrumbList","@id":"https:\/\/fs-grenzenlos.com\/de\/richtlinien\/impressum\/#breadcrumb","itemListElement":[{"@type":"ListItem","position":1,"name":"Home","item":"https:\/\/fs-grenzenlos.com\/de\/"},{"@type":"ListItem","position":2,"name":"Richtlinien","item":"https:\/\/fs-grenzenlos.com\/de\/richtlinien\/"},{"@type":"ListItem","position":3,"name":"Impressum"}]},{"@type":"WebSite","@id":"https:\/\/fs-grenzenlos.com\/de\/#website","url":"https:\/\/fs-grenzenlos.com\/de\/","name":"Flugschule Grenzenlos","description":"Flugschule","publisher":{"@id":"https:\/\/fs-grenzenlos.com\/de\/#organization"},"potentialAction":[{"@type":"SearchAction","target":{"@type":"EntryPoint","urlTemplate":"https:\/\/fs-grenzenlos.com\/de\/?s={search_term_string}"},"query-input":{"@type":"PropertyValueSpecification","valueRequired":true,"valueName":"search_term_string"}}],"inLanguage":"de"},{"@type":"Organization","@id":"https:\/\/fs-grenzenlos.com\/de\/#organization","name":"Flugschule Grenzenlos","url":"https:\/\/fs-grenzenlos.com\/de\/","logo":{"@type":"ImageObject","inLanguage":"de","@id":"https:\/\/fs-grenzenlos.com\/de\/#\/schema\/logo\/image\/","url":"https:\/\/flugschule-grenzenlos.com\/wp-content\/uploads\/2025\/06\/Logo-color.png","contentUrl":"https:\/\/flugschule-grenzenlos.com\/wp-content\/uploads\/2025\/06\/Logo-color.png","width":188,"height":120,"caption":"Flugschule Grenzenlos"},"image":{"@id":"https:\/\/fs-grenzenlos.com\/de\/#\/schema\/logo\/image\/"},"sameAs":["https:\/\/www.facebook.com\/ParaglidingAirnomads","https:\/\/x.com\/airnomadsparagliding"]}]}},"_links":{"self":[{"href":"https:\/\/fs-grenzenlos.com\/de\/wp-json\/wp\/v2\/pages\/893","targetHints":{"allow":["GET"]}}],"collection":[{"href":"https:\/\/fs-grenzenlos.com\/de\/wp-json\/wp\/v2\/pages"}],"about":[{"href":"https:\/\/fs-grenzenlos.com\/de\/wp-json\/wp\/v2\/types\/page"}],"author":[{"embeddable":true,"href":"https:\/\/fs-grenzenlos.com\/de\/wp-json\/wp\/v2\/users\/1"}],"replies":[{"embeddable":true,"href":"https:\/\/fs-grenzenlos.com\/de\/wp-json\/wp\/v2\/comments?post=893"}],"version-history":[{"count":3,"href":"https:\/\/fs-grenzenlos.com\/de\/wp-json\/wp\/v2\/pages\/893\/revisions"}],"predecessor-version":[{"id":1123,"href":"https:\/\/fs-grenzenlos.com\/de\/wp-json\/wp\/v2\/pages\/893\/revisions\/1123"}],"up":[{"embeddable":true,"href":"https:\/\/fs-grenzenlos.com\/de\/wp-json\/wp\/v2\/pages\/898"}],"wp:attachment":[{"href":"https:\/\/fs-grenzenlos.com\/de\/wp-json\/wp\/v2\/media?parent=893"}],"curies":[{"name":"wp","href":"https:\/\/api.w.org\/{rel}","templated":true}]}}